{"id":1046,"date":"2025-12-30T11:19:57","date_gmt":"2025-12-30T11:19:57","guid":{"rendered":"https:\/\/digitalmenteagencia.com.br\/mondelbr\/?page_id=1046"},"modified":"2026-03-13T17:44:21","modified_gmt":"2026-03-13T17:44:21","slug":"sobre","status":"publish","type":"page","link":"https:\/\/digitalmenteagencia.com.br\/mondelbr\/sobre\/","title":{"rendered":"Sobre"},"content":{"rendered":"\t\t<div data-elementor-type=\"wp-page\" data-elementor-id=\"1046\" class=\"elementor elementor-1046\" data-elementor-post-type=\"page\">\n\t\t\t\t<div class=\"aux-parallax-section elementor-element elementor-element-33e7c9f e-con-full e-flex e-con e-parent\" data-id=\"33e7c9f\" data-element_type=\"container\">\n\t\t\t\t<div class=\"elementor-element elementor-element-cad16d6 elementor-widget elementor-widget-heading\" data-id=\"cad16d6\" data-element_type=\"widget\" data-widget_type=\"heading.default\">\n\t\t\t\t<div class=\"elementor-widget-container\">\n\t\t\t\t\t<h2 class=\"elementor-heading-title elementor-size-default\">Somos a <b>Mondel<\/b>, <br> h\u00e1 mais de 35 anos na <b>estrada.<\/b><br><\/h2>\t\t\t\t<\/div>\n\t\t\t\t<\/div>\n\t\t\t\t<\/div>\n\t\t<div class=\"aux-parallax-section elementor-element elementor-element-9673cb5 e-flex e-con-boxed e-con e-parent\" data-id=\"9673cb5\" data-element_type=\"container\" data-settings=\"{&quot;background_background&quot;:&quot;gradient&quot;,&quot;shape_divider_top&quot;:&quot;zigzag&quot;}\">\n\t\t\t\t\t<div class=\"e-con-inner\">\n\t\t\t\t<div class=\"elementor-shape elementor-shape-top\" aria-hidden=\"true\" data-negative=\"false\">\n\t\t\t<svg xmlns=\"http:\/\/www.w3.org\/2000\/svg\" viewBox=\"0 0 1800 5.8\" preserveAspectRatio=\"none\">\n  <path class=\"elementor-shape-fill\" d=\"M5.4.4l5.4 5.3L16.5.4l5.4 5.3L27.5.4 33 5.7 38.6.4l5.5 5.4h.1L49.9.4l5.4 5.3L60.9.4l5.5 5.3L72 .4l5.5 5.3L83.1.4l5.4 5.3L94.1.4l5.5 5.4h.2l5.6-5.4 5.5 5.3 5.6-5.3 5.4 5.3 5.6-5.3 5.5 5.3 5.6-5.3 5.5 5.4h.2l5.6-5.4 5.4 5.3L161 .4l5.4 5.3L172 .4l5.5 5.3 5.6-5.3 5.4 5.3 5.7-5.3 5.4 5.4h.2l5.6-5.4 5.5 5.3 5.6-5.3 5.5 5.3 5.6-5.3 5.4 5.3 5.6-5.3 5.5 5.4h.2l5.6-5.4 5.5 5.3L261 .4l5.4 5.3L272 .4l5.5 5.3 5.6-5.3 5.5 5.3 5.6-5.3 5.5 5.4h.1l5.7-5.4 5.4 5.3 5.6-5.3 5.5 5.3 5.6-5.3 5.4 5.3 5.7-5.3 5.4 5.4h.2l5.6-5.4 5.5 5.3L361 .4l5.5 5.3 5.6-5.3 5.4 5.3 5.6-5.3 5.5 5.3 5.6-5.3 5.5 5.4h.1l5.7-5.4 5.4 5.3 5.6-5.3 5.5 5.3 5.6-5.3 5.5 5.3 5.6-5.3 5.5 5.4h.1l5.6-5.4 5.5 5.3L461 .4l5.5 5.3 5.6-5.3 5.4 5.3 5.7-5.3 5.4 5.3 5.6-5.3 5.5 5.4h.2l5.6-5.4 5.5 5.3 5.6-5.3 5.4 5.3 5.6-5.3 5.5 5.3 5.6-5.3 5.5 5.4h.1L550 .4l5.4 5.3L561 .4l5.5 5.3 5.6-5.3 5.5 5.3 5.6-5.3 5.4 5.3 5.6-5.3 5.5 5.4h.2l5.6-5.4 5.5 5.3 5.6-5.3 5.4 5.3 5.7-5.3 5.4 5.3 5.6-5.3 5.5 5.4h.2L650 .4l5.5 5.3 5.6-5.3 5.4 5.3 5.6-5.3 5.5 5.3 5.6-5.3 5.5 5.3 5.6-5.3 5.4 5.4h.2l5.6-5.4 5.5 5.3 5.6-5.3 5.5 5.3 5.6-5.3 5.4 5.3 5.6-5.3 5.5 5.4h.2L750 .4l5.5 5.3 5.6-5.3 5.4 5.3 5.7-5.3 5.4 5.3 5.6-5.3 5.5 5.3 5.6-5.3 5.5 5.4h.1l5.7-5.4 5.4 5.3 5.6-5.3 5.5 5.3 5.6-5.3 5.5 5.3 5.6-5.3 5.4 5.4h.2L850 .4l5.5 5.3 5.6-5.3 5.5 5.3 5.6-5.3 5.4 5.3 5.6-5.3 5.5 5.3 5.6-5.3 5.5 5.4h.2l5.6-5.4 5.4 5.3 5.7-5.3 5.4 5.3 5.6-5.3 5.5 5.3 5.6-5.3 5.5 5.4h.1l5.7-5.4 5.4 5.3 5.6-5.3 5.5 5.3 5.6-5.3 5.5 5.3 5.6-5.3 5.4 5.3 5.6-5.3 5.5 5.4h.2l5.6-5.4 5.5 5.3 5.6-5.3 5.4 5.3 5.6-5.3 5.5 5.3 5.6-5.3 5.5 5.4h.2l5.6-5.4 5.4 5.3 5.7-5.3 5.4 5.3 5.6-5.3 5.5 5.3 5.6-5.3 5.5 5.3 5.6-5.3 5.4 5.4h.2l5.6-5.4 5.5 5.3 5.6-5.3 5.5 5.3 5.6-5.3 5.4 5.3 5.6-5.3 5.5 5.4h.2l5.6-5.4 5.5 5.3 5.6-5.3 5.4 5.3 5.6-5.3 5.5 5.3 5.6-5.3 5.5 5.3 5.6-5.3 5.5 5.4h.1l5.7-5.4 5.4 5.3 5.6-5.3 5.5 5.3 5.6-5.3 5.5 5.3 5.6-5.3 5.4 5.4h.2l5.6-5.4 5.5 5.3 5.6-5.3 5.5 5.3 5.6-5.3 5.4 5.3 5.6-5.3 5.5 5.3 5.6-5.3 5.5 5.4h.2l5.6-5.4 5.4 5.3 5.6-5.3 5.5 5.3 5.6-5.3 5.5 5.3 5.6-5.3 5.5 5.4h.1l5.7-5.4 5.4 5.3 5.6-5.3 5.5 5.3 5.6-5.3 5.5 5.3 5.6-5.3 5.4 5.3 5.6-5.3 5.5 5.4h.2l5.6-5.4 5.5 5.3 5.6-5.3 5.4 5.3 5.6-5.3 5.5 5.3 5.6-5.3 5.5 5.4h.2l5.6-5.4 5.4 5.3 5.6-5.3 5.5 5.3 5.6-5.3 5.5 5.3 5.6-5.3 5.4 5.3 5.7-5.3 5.4 5.4h.2l5.6-5.4 5.5 5.3 5.6-5.3 5.5 5.3 5.6-5.3 5.4 5.3 5.6-5.3 5.5 5.4h.2l5.6-5.4 5.5 5.3 5.6-5.3 5.4 5.3 5.6-5.3 5.5 5.3 5.6-5.3 5.5 5.3 5.6-5.3 5.5 5.4h.1l5.6-5.4 5.5 5.3 5.6-5.3 5.5 5.3 5.6-5.3 5.4 5.3 5.7-5.3 5.4 5.4h.2l5.6-5.4 5.5 5.3 5.6-5.3 5.5 5.3 5.6-5.3 5.4 5.3 5.6-5.3 5.5 5.3 5.6-5.3 5.5 5.4h.1l5.7-5.4 5.4 5.3 5.6-5.3 5.5 5.3 5.6-5.3 5.5 5.3 5.6-5.3 5.5 5.4h.1l5.6-5.4 5.5 5.3 5.6-5.3 5.5 5.3 5.6-5.3 5.4 5.3 5.7-5.3 5.4 5.3 5.6-5.3 5.5 5.4V0H-.2v5.8z\"\/>\n<\/svg>\n\t\t<\/div>\n\t\t<div class=\"elementor-element elementor-element-7b7af63 e-flex e-con-boxed e-con e-child\" data-id=\"7b7af63\" data-element_type=\"container\">\n\t\t\t\t\t<div class=\"e-con-inner\">\n\t\t<div class=\"elementor-element elementor-element-b5c442a e-con-full e-flex e-con e-child\" data-id=\"b5c442a\" data-element_type=\"container\">\n\t\t<div class=\"elementor-element elementor-element-35e95cd e-con-full e-flex elementor-invisible e-con e-child\" data-id=\"35e95cd\" data-element_type=\"container\" data-settings=\"{&quot;animation&quot;:&quot;fadeInLeft&quot;}\">\n\t\t\t\t<div class=\"elementor-element elementor-element-cece3e9 elementor-widget elementor-widget-image\" data-id=\"cece3e9\" data-element_type=\"widget\" data-widget_type=\"image.default\">\n\t\t\t\t<div class=\"elementor-widget-container\">\n\t\t\t\t\t\t\t\t\t\t\t\t\t\t\t<img fetchpriority=\"high\" decoding=\"async\" width=\"800\" height=\"650\" src=\"https:\/\/digitalmenteagencia.com.br\/mondelbr\/wp-content\/uploads\/2026\/03\/sec_012.png\" class=\"attachment-full size-full wp-image-1612\" alt=\"\" srcset=\"https:\/\/digitalmenteagencia.com.br\/mondelbr\/wp-content\/uploads\/2026\/03\/sec_012.png 800w, https:\/\/digitalmenteagencia.com.br\/mondelbr\/wp-content\/uploads\/2026\/03\/sec_012-200x163.png 200w\" sizes=\"(max-width: 800px) 100vw, 800px\" \/>\t\t\t\t\t\t\t\t\t\t\t\t\t\t\t<\/div>\n\t\t\t\t<\/div>\n\t\t\t\t<\/div>\n\t\t<div class=\"elementor-element elementor-element-8485aef e-con-full e-flex elementor-invisible e-con e-child\" data-id=\"8485aef\" data-element_type=\"container\" data-settings=\"{&quot;animation&quot;:&quot;fadeInRight&quot;}\">\n\t\t\t\t<div class=\"elementor-element elementor-element-2c4f88c elementor-widget elementor-widget-heading\" data-id=\"2c4f88c\" data-element_type=\"widget\" data-widget_type=\"heading.default\">\n\t\t\t\t<div class=\"elementor-widget-container\">\n\t\t\t\t\t<h2 class=\"elementor-heading-title elementor-size-default\"><b>D\u00e9cadas <\/b> na estrada<\/h2>\t\t\t\t<\/div>\n\t\t\t\t<\/div>\n\t\t\t\t<div class=\"elementor-element elementor-element-fb01d8a elementor-widget elementor-widget-text-editor\" data-id=\"fb01d8a\" data-element_type=\"widget\" data-widget_type=\"text-editor.default\">\n\t\t\t\t<div class=\"elementor-widget-container\">\n\t\t\t\t\t\t\t\t\t<p>Com mais de 35 anos de experi\u00eancia, a MONDEL \u00e9 uma empresa regional de transporte rodovi\u00e1rio internacional que conecta Chile, Argentina, Brasil, Uruguai e Paraguai com solu\u00e7\u00f5es log\u00edsticas eficientes e confi\u00e1veis. Possu\u00edmos escrit\u00f3rios e armaz\u00e9ns pr\u00f3prios, al\u00e9m de uma frota moderna que garante a qualidade de cada remessa, seja carga completa (FTL) ou carga fracionada (LTL). Nosso compromisso \u00e9 oferecer servi\u00e7os personalizados \u00e0s necessidades de nossos clientes, conectando Chile, Brasil, Argentina, Uruguai e Paraguai com excel\u00eancia operacional e uma abordagem centrada no cliente.<\/p>\t\t\t\t\t\t\t\t<\/div>\n\t\t\t\t<\/div>\n\t\t\t\t<\/div>\n\t\t\t\t<\/div>\n\t\t<div class=\"elementor-element elementor-element-acdac2f e-con-full e-flex e-con e-child\" data-id=\"acdac2f\" data-element_type=\"container\">\n\t\t<div class=\"elementor-element elementor-element-a7943ab e-con-full e-flex elementor-invisible e-con e-child\" data-id=\"a7943ab\" data-element_type=\"container\" data-settings=\"{&quot;animation&quot;:&quot;fadeInRight&quot;}\">\n\t\t\t\t<div class=\"elementor-element elementor-element-787d958 elementor-widget elementor-widget-text-editor\" data-id=\"787d958\" data-element_type=\"widget\" data-widget_type=\"text-editor.default\">\n\t\t\t\t<div class=\"elementor-widget-container\">\n\t\t\t\t\t\t\t\t\t<p><strong>OBJETIVO:<\/strong> Servir nossos clientes fornecendo solu\u00e7\u00f5es log\u00edsticas personalizadas para suas necessidades.<\/p><p><strong>VIS\u00c3O:<\/strong> Ser reconhecida como l\u00edder no transporte rodovi\u00e1rio internacional de cargas no Mercosul, por meio de inova\u00e7\u00e3o cont\u00ednua, pr\u00e1ticas sustent\u00e1veis e servi\u00e7o excepcional.<\/p><p><strong>MISS\u00c3O:<\/strong> Nossa miss\u00e3o \u00e9 fornecer solu\u00e7\u00f5es log\u00edsticas abrangentes para o transporte rodovi\u00e1rio de cargas, promovendo o desenvolvimento econ\u00f4mico e a integra\u00e7\u00e3o entre os pa\u00edses do Mercosul, com foco na total satisfa\u00e7\u00e3o do cliente.<\/p><p><strong>VALORES:<\/strong> Compromisso com o Cliente: Todas as nossas opera\u00e7\u00f5es s\u00e3o conduzidas com foco nas necessidades e expectativas dos nossos clientes.<\/p><p><strong>SEGURAN\u00c7A:<\/strong> A seguran\u00e7a das nossas opera\u00e7\u00f5es e da carga que transportamos \u00e9 a nossa principal prioridade.<\/p><p><strong>SUSTENTABILIDADE:<\/strong> Investimos em solu\u00e7\u00f5es que minimizam o impacto ambiental, como a moderniza\u00e7\u00e3o da frota e pr\u00e1ticas de transporte eficientes.<\/p><p><strong>\u00c9TICA e TRANSPAR\u00caNCIA:<\/strong> Agimos com integridade e transpar\u00eancia em todos os nossos relacionamentos comerciais.<\/p>\t\t\t\t\t\t\t\t<\/div>\n\t\t\t\t<\/div>\n\t\t\t\t<\/div>\n\t\t\t\t<\/div>\n\t\t\t\t\t<\/div>\n\t\t\t\t<\/div>\n\t\t\t\t\t<\/div>\n\t\t\t\t<\/div>\n\t\t<div class=\"aux-parallax-section elementor-element elementor-element-30e5725 e-flex e-con-boxed e-con e-parent\" data-id=\"30e5725\" data-element_type=\"container\" data-settings=\"{&quot;background_background&quot;:&quot;classic&quot;}\">\n\t\t\t\t\t<div class=\"e-con-inner\">\n\t\t<div class=\"elementor-element elementor-element-baa5f5a e-con-full e-flex elementor-invisible e-con e-child\" data-id=\"baa5f5a\" data-element_type=\"container\" data-settings=\"{&quot;animation&quot;:&quot;fadeInLeft&quot;}\">\n\t\t\t\t<div class=\"elementor-element elementor-element-06a7c13 elementor-widget elementor-widget-heading\" data-id=\"06a7c13\" data-element_type=\"widget\" data-widget_type=\"heading.default\">\n\t\t\t\t<div class=\"elementor-widget-container\">\n\t\t\t\t\t<h2 class=\"elementor-heading-title elementor-size-default\">Unindo e Vivenciando o  <b>MERCOSUL<\/b><\/h2>\t\t\t\t<\/div>\n\t\t\t\t<\/div>\n\t\t\t\t<div class=\"elementor-element elementor-element-9ff5a1e elementor-widget elementor-widget-text-editor\" data-id=\"9ff5a1e\" data-element_type=\"widget\" data-widget_type=\"text-editor.default\">\n\t\t\t\t<div class=\"elementor-widget-container\">\n\t\t\t\t\t\t\t\t\t<p>Atuando ativamente com clientes e opera\u00e7\u00f5es no Chile, Brasil, Argentina, Uruguai e Paraguai, nossa empresa \u00e9 uma parceira altamente confi\u00e1vel para o transporte terrestre internacional em todo o bloco econ\u00f4mico do MERCOSUL. Vivenciamos e compreendemos profundamente os desafios de cada rota na regi\u00e3o, garantindo entregas seguras, independentemente da complexidade log\u00edstica de cada opera\u00e7\u00e3o.<\/p>\t\t\t\t\t\t\t\t<\/div>\n\t\t\t\t<\/div>\n\t\t\t\t<div class=\"elementor-element elementor-element-1953502 elementor-widget elementor-widget-heading\" data-id=\"1953502\" data-element_type=\"widget\" data-widget_type=\"heading.default\">\n\t\t\t\t<div class=\"elementor-widget-container\">\n\t\t\t\t\t<h2 class=\"elementor-heading-title elementor-size-default\"><b>Inova\u00e7\u00e3o:<\/b> Nossa for\u00e7a motriz <\/h2>\t\t\t\t<\/div>\n\t\t\t\t<\/div>\n\t\t\t\t<div class=\"elementor-element elementor-element-2e019ef elementor-widget elementor-widget-text-editor\" data-id=\"2e019ef\" data-element_type=\"widget\" data-widget_type=\"text-editor.default\">\n\t\t\t\t<div class=\"elementor-widget-container\">\n\t\t\t\t\t\t\t\t\t<p>Integramos tecnologias de ponta em todas as etapas do transporte, garantindo m\u00e1xima efici\u00eancia e transpar\u00eancia. Com ferramentas avan\u00e7adas para monitoramento em tempo real, controle de temperatura, otimiza\u00e7\u00e3o de rotas e processos de despacho, oferecemos aos nossos clientes a tranquilidade de rastrear e controlar suas cargas a qualquer hora e em qualquer lugar, mantendo um servi\u00e7o rastre\u00e1vel, \u00e1gil e confi\u00e1vel.<\/p>\t\t\t\t\t\t\t\t<\/div>\n\t\t\t\t<\/div>\n\t\t\t\t<\/div>\n\t\t\t\t\t<\/div>\n\t\t\t\t<\/div>\n\t\t<div class=\"aux-parallax-section elementor-element elementor-element-000e803 e-flex e-con-boxed e-con e-parent\" data-id=\"000e803\" data-element_type=\"container\">\n\t\t\t\t\t<div class=\"e-con-inner\">\n\t\t\t\t\t<\/div>\n\t\t\t\t<\/div>\n\t\t\t\t<\/div>\n\t\t","protected":false},"excerpt":{"rendered":"<p>Somos a Mondel, h\u00e1 mais de 35 anos na estrada. D\u00e9cadas na estrada Com mais de 35 anos de experi\u00eancia, a MONDEL \u00e9 uma empresa regional de transporte rodovi\u00e1rio internacional que conecta Chile, Argentina, Brasil, Uruguai e Paraguai com solu\u00e7\u00f5es log\u00edsticas eficientes e confi\u00e1veis. Possu\u00edmos escrit\u00f3rios e armaz\u00e9ns pr\u00f3prios, al\u00e9m de uma frota moderna que [&hellip;]<\/p>\n","protected":false},"author":1,"featured_media":0,"parent":0,"menu_order":0,"comment_status":"closed","ping_status":"closed","template":"elementor_header_footer","meta":{"footnotes":""},"class_list":["post-1046","page","type-page","status-publish","hentry"],"_links":{"self":[{"href":"https:\/\/digitalmenteagencia.com.br\/mondelbr\/wp-json\/wp\/v2\/pages\/1046","targetHints":{"allow":["GET"]}}],"collection":[{"href":"https:\/\/digitalmenteagencia.com.br\/mondelbr\/wp-json\/wp\/v2\/pages"}],"about":[{"href":"https:\/\/digitalmenteagencia.com.br\/mondelbr\/wp-json\/wp\/v2\/types\/page"}],"author":[{"embeddable":true,"href":"https:\/\/digitalmenteagencia.com.br\/mondelbr\/wp-json\/wp\/v2\/users\/1"}],"replies":[{"embeddable":true,"href":"https:\/\/digitalmenteagencia.com.br\/mondelbr\/wp-json\/wp\/v2\/comments?post=1046"}],"version-history":[{"count":19,"href":"https:\/\/digitalmenteagencia.com.br\/mondelbr\/wp-json\/wp\/v2\/pages\/1046\/revisions"}],"predecessor-version":[{"id":1615,"href":"https:\/\/digitalmenteagencia.com.br\/mondelbr\/wp-json\/wp\/v2\/pages\/1046\/revisions\/1615"}],"wp:attachment":[{"href":"https:\/\/digitalmenteagencia.com.br\/mondelbr\/wp-json\/wp\/v2\/media?parent=1046"}],"curies":[{"name":"wp","href":"https:\/\/api.w.org\/{rel}","templated":true}]}}