{"id":1081,"date":"2025-12-30T13:20:35","date_gmt":"2025-12-30T13:20:35","guid":{"rendered":"https:\/\/digitalmenteagencia.com.br\/mondelbr\/?page_id=1081"},"modified":"2026-01-07T08:41:11","modified_gmt":"2026-01-07T08:41:11","slug":"servicos","status":"publish","type":"page","link":"https:\/\/digitalmenteagencia.com.br\/mondelbr\/servicos\/","title":{"rendered":"Servi\u00e7os"},"content":{"rendered":"\t\t<div data-elementor-type=\"wp-page\" data-elementor-id=\"1081\" class=\"elementor elementor-1081\" data-elementor-post-type=\"page\">\n\t\t\t\t<div class=\"aux-parallax-section elementor-element elementor-element-33e7c9f e-con-full e-flex e-con e-parent\" data-id=\"33e7c9f\" data-element_type=\"container\">\n\t\t\t\t<div class=\"elementor-element elementor-element-cad16d6 elementor-widget elementor-widget-heading\" data-id=\"cad16d6\" data-element_type=\"widget\" data-widget_type=\"heading.default\">\n\t\t\t\t<div class=\"elementor-widget-container\">\n\t\t\t\t\t<h2 class=\"elementor-heading-title elementor-size-default\">Cargas sem <b>fronteiras.<\/b><br> Log\u00edstica sem <b>limites.<\/b><br><\/h2>\t\t\t\t<\/div>\n\t\t\t\t<\/div>\n\t\t\t\t<\/div>\n\t\t<div class=\"aux-parallax-section elementor-element elementor-element-8b91b6e e-flex e-con-boxed e-con e-parent\" data-id=\"8b91b6e\" data-element_type=\"container\" data-settings=\"{&quot;background_background&quot;:&quot;gradient&quot;}\">\n\t\t\t\t\t<div class=\"e-con-inner\">\n\t\t\t\t<div class=\"elementor-element elementor-element-4647b69 elementor-widget elementor-widget-heading\" data-id=\"4647b69\" data-element_type=\"widget\" data-widget_type=\"heading.default\">\n\t\t\t\t<div class=\"elementor-widget-container\">\n\t\t\t\t\t<h2 class=\"elementor-heading-title elementor-size-default\">Conhe\u00e7a nossos <b>Servi\u00e7os<\/b><\/h2>\t\t\t\t<\/div>\n\t\t\t\t<\/div>\n\t\t\t\t<div class=\"elementor-element elementor-element-e8bec83 elementor-widget elementor-widget-text-editor\" data-id=\"e8bec83\" data-element_type=\"widget\" data-widget_type=\"text-editor.default\">\n\t\t\t\t<div class=\"elementor-widget-container\">\n\t\t\t\t\t\t\t\t\t<p>Na Mondel Group, oferecemos solu\u00e7\u00f5es de transporte rodovi\u00e1rio eficientes e seguras para todo o Mercosul. Conectamos Brasil, Argentina, Paraguai, Uruguai e Chile, garantindo que suas mercadorias cheguem no prazo, com rastreamento em tempo real e suporte dedicado em cada etapa da viagem. Confie na experi\u00eancia e tecnologia da Mondel Group para transportar sua carga com confian\u00e7a e agilidade.<\/p>\t\t\t\t\t\t\t\t<\/div>\n\t\t\t\t<\/div>\n\t\t\t\t\t<\/div>\n\t\t\t\t<\/div>\n\t\t<div class=\"aux-parallax-section elementor-element elementor-element-3c2bdb9 e-flex e-con-boxed e-con e-parent\" data-id=\"3c2bdb9\" data-element_type=\"container\" data-settings=\"{&quot;background_background&quot;:&quot;classic&quot;}\">\n\t\t\t\t\t<div class=\"e-con-inner\">\n\t\t<div class=\"elementor-element elementor-element-7c01511 e-con-full e-flex e-con e-child\" data-id=\"7c01511\" data-element_type=\"container\">\n\t\t\t\t<div class=\"elementor-element elementor-element-c6736f6 elementor-widget elementor-widget-image\" data-id=\"c6736f6\" data-element_type=\"widget\" data-widget_type=\"image.default\">\n\t\t\t\t<div class=\"elementor-widget-container\">\n\t\t\t\t\t\t\t\t\t\t\t\t\t\t\t<img fetchpriority=\"high\" decoding=\"async\" width=\"800\" height=\"650\" src=\"https:\/\/digitalmenteagencia.com.br\/mondelbr\/wp-content\/uploads\/2026\/01\/mercadorias-fracionadas-LTL.png\" class=\"attachment-large size-large wp-image-1225\" alt=\"\" srcset=\"https:\/\/digitalmenteagencia.com.br\/mondelbr\/wp-content\/uploads\/2026\/01\/mercadorias-fracionadas-LTL.png 800w, https:\/\/digitalmenteagencia.com.br\/mondelbr\/wp-content\/uploads\/2026\/01\/mercadorias-fracionadas-LTL-200x163.png 200w\" sizes=\"(max-width: 800px) 100vw, 800px\" \/>\t\t\t\t\t\t\t\t\t\t\t\t\t\t\t<\/div>\n\t\t\t\t<\/div>\n\t\t\t\t<div class=\"elementor-element elementor-element-c7366b5 elementor-widget elementor-widget-heading\" data-id=\"c7366b5\" data-element_type=\"widget\" data-widget_type=\"heading.default\">\n\t\t\t\t<div class=\"elementor-widget-container\">\n\t\t\t\t\t<h2 class=\"elementor-heading-title elementor-size-default\">Transporte de mercadorias fracionadas (LTL)<\/h2>\t\t\t\t<\/div>\n\t\t\t\t<\/div>\n\t\t\t\t<div class=\"elementor-element elementor-element-b208b7a elementor-widget elementor-widget-text-editor\" data-id=\"b208b7a\" data-element_type=\"widget\" data-widget_type=\"text-editor.default\">\n\t\t\t\t<div class=\"elementor-widget-container\">\n\t\t\t\t\t\t\t\t\t<p>Servi\u00e7o de transporte LTL onde consolidamos mercadorias em nosso CD localizado em S\u00e3o Paulo para o Chile com fluxo semanal em MIC-DTA, reduzindo o transit-time de 12 dias para 07 dias at\u00e9 o destino.<\/p>\t\t\t\t\t\t\t\t<\/div>\n\t\t\t\t<\/div>\n\t\t\t\t<\/div>\n\t\t<div class=\"elementor-element elementor-element-a8734bd e-con-full e-flex e-con e-child\" data-id=\"a8734bd\" data-element_type=\"container\">\n\t\t\t\t<div class=\"elementor-element elementor-element-0c400b6 elementor-widget elementor-widget-image\" data-id=\"0c400b6\" data-element_type=\"widget\" data-widget_type=\"image.default\">\n\t\t\t\t<div class=\"elementor-widget-container\">\n\t\t\t\t\t\t\t\t\t\t\t\t\t\t\t<img decoding=\"async\" width=\"800\" height=\"650\" src=\"https:\/\/digitalmenteagencia.com.br\/mondelbr\/wp-content\/uploads\/2026\/01\/Transporte-de-mercadorias-dedicadas-FTL.png\" class=\"attachment-large size-large wp-image-1230\" alt=\"\" srcset=\"https:\/\/digitalmenteagencia.com.br\/mondelbr\/wp-content\/uploads\/2026\/01\/Transporte-de-mercadorias-dedicadas-FTL.png 800w, https:\/\/digitalmenteagencia.com.br\/mondelbr\/wp-content\/uploads\/2026\/01\/Transporte-de-mercadorias-dedicadas-FTL-200x163.png 200w\" sizes=\"(max-width: 800px) 100vw, 800px\" \/>\t\t\t\t\t\t\t\t\t\t\t\t\t\t\t<\/div>\n\t\t\t\t<\/div>\n\t\t\t\t<div class=\"elementor-element elementor-element-e5fa517 elementor-widget elementor-widget-heading\" data-id=\"e5fa517\" data-element_type=\"widget\" data-widget_type=\"heading.default\">\n\t\t\t\t<div class=\"elementor-widget-container\">\n\t\t\t\t\t<h2 class=\"elementor-heading-title elementor-size-default\">Transporte de mercadorias dedicadas (FTL)<\/h2>\t\t\t\t<\/div>\n\t\t\t\t<\/div>\n\t\t\t\t<div class=\"elementor-element elementor-element-8caf5ee elementor-widget elementor-widget-text-editor\" data-id=\"8caf5ee\" data-element_type=\"widget\" data-widget_type=\"text-editor.default\">\n\t\t\t\t<div class=\"elementor-widget-container\">\n\t\t\t\t\t\t\t\t\t<p>Servi\u00e7o de transporte de mercadorias FTL para o Mercosul e Chile, para cargas que completam o espa\u00e7o do ve\u00edculo.<\/p>\t\t\t\t\t\t\t\t<\/div>\n\t\t\t\t<\/div>\n\t\t\t\t<\/div>\n\t\t<div class=\"elementor-element elementor-element-c752773 e-con-full e-flex e-con e-child\" data-id=\"c752773\" data-element_type=\"container\">\n\t\t\t\t<div class=\"elementor-element elementor-element-ea007be elementor-widget elementor-widget-image\" data-id=\"ea007be\" data-element_type=\"widget\" data-widget_type=\"image.default\">\n\t\t\t\t<div class=\"elementor-widget-container\">\n\t\t\t\t\t\t\t\t\t\t\t\t\t\t\t<img decoding=\"async\" width=\"800\" height=\"650\" src=\"https:\/\/digitalmenteagencia.com.br\/mondelbr\/wp-content\/uploads\/2026\/01\/Carga-Refrigerada-e-congelada.png\" class=\"attachment-large size-large wp-image-1235\" alt=\"\" srcset=\"https:\/\/digitalmenteagencia.com.br\/mondelbr\/wp-content\/uploads\/2026\/01\/Carga-Refrigerada-e-congelada.png 800w, https:\/\/digitalmenteagencia.com.br\/mondelbr\/wp-content\/uploads\/2026\/01\/Carga-Refrigerada-e-congelada-200x163.png 200w\" sizes=\"(max-width: 800px) 100vw, 800px\" \/>\t\t\t\t\t\t\t\t\t\t\t\t\t\t\t<\/div>\n\t\t\t\t<\/div>\n\t\t\t\t<div class=\"elementor-element elementor-element-515aa42 elementor-widget elementor-widget-heading\" data-id=\"515aa42\" data-element_type=\"widget\" data-widget_type=\"heading.default\">\n\t\t\t\t<div class=\"elementor-widget-container\">\n\t\t\t\t\t<h2 class=\"elementor-heading-title elementor-size-default\">Transporte de carga refrigerada e congelada<\/h2>\t\t\t\t<\/div>\n\t\t\t\t<\/div>\n\t\t\t\t<div class=\"elementor-element elementor-element-95073bc elementor-widget elementor-widget-text-editor\" data-id=\"95073bc\" data-element_type=\"widget\" data-widget_type=\"text-editor.default\">\n\t\t\t\t<div class=\"elementor-widget-container\">\n\t\t\t\t\t\t\t\t\t<p>Para mercadorias que devem ser mantidas em determinadas temperaturas constantes, tanto durante o armazenamento quanto durante o transporte, dispomos de equipamentos adequados para cargas frias, refrigeradas ou congeladas .<\/p>\t\t\t\t\t\t\t\t<\/div>\n\t\t\t\t<\/div>\n\t\t\t\t<\/div>\n\t\t\t\t\t<\/div>\n\t\t\t\t<\/div>\n\t\t<div class=\"aux-parallax-section elementor-element elementor-element-ab42d95 e-flex e-con-boxed e-con e-parent\" data-id=\"ab42d95\" data-element_type=\"container\" data-settings=\"{&quot;background_background&quot;:&quot;gradient&quot;}\">\n\t\t\t\t\t<div class=\"e-con-inner\">\n\t\t<div class=\"elementor-element elementor-element-da8dbac e-con-full e-flex e-con e-child\" data-id=\"da8dbac\" data-element_type=\"container\">\n\t\t\t\t<div class=\"elementor-element elementor-element-0efbaef elementor-widget elementor-widget-image\" data-id=\"0efbaef\" data-element_type=\"widget\" data-widget_type=\"image.default\">\n\t\t\t\t<div class=\"elementor-widget-container\">\n\t\t\t\t\t\t\t\t\t\t\t\t\t\t\t<img loading=\"lazy\" decoding=\"async\" width=\"800\" height=\"650\" src=\"https:\/\/digitalmenteagencia.com.br\/mondelbr\/wp-content\/uploads\/2026\/01\/Transporte-de-mercadoria-perigosa.png\" class=\"attachment-large size-large wp-image-1239\" alt=\"\" srcset=\"https:\/\/digitalmenteagencia.com.br\/mondelbr\/wp-content\/uploads\/2026\/01\/Transporte-de-mercadoria-perigosa.png 800w, https:\/\/digitalmenteagencia.com.br\/mondelbr\/wp-content\/uploads\/2026\/01\/Transporte-de-mercadoria-perigosa-200x163.png 200w\" sizes=\"(max-width: 800px) 100vw, 800px\" \/>\t\t\t\t\t\t\t\t\t\t\t\t\t\t\t<\/div>\n\t\t\t\t<\/div>\n\t\t\t\t<div class=\"elementor-element elementor-element-774c8f4 elementor-widget elementor-widget-heading\" data-id=\"774c8f4\" data-element_type=\"widget\" data-widget_type=\"heading.default\">\n\t\t\t\t<div class=\"elementor-widget-container\">\n\t\t\t\t\t<h2 class=\"elementor-heading-title elementor-size-default\">Transporte de mercadoria perigosa<\/h2>\t\t\t\t<\/div>\n\t\t\t\t<\/div>\n\t\t\t\t<div class=\"elementor-element elementor-element-813417f elementor-widget elementor-widget-text-editor\" data-id=\"813417f\" data-element_type=\"widget\" data-widget_type=\"text-editor.default\">\n\t\t\t\t<div class=\"elementor-widget-container\">\n\t\t\t\t\t\t\t\t\t<p>Cumprimos todos os requisitos e regulamentos internacionais para realizar transportes de produtos qu\u00edmicos e perigosos (exceto produtos que precisam de permiss\u00e3o especial por serem precursores qu\u00edmicos ou explosivos).<\/p>\t\t\t\t\t\t\t\t<\/div>\n\t\t\t\t<\/div>\n\t\t\t\t<\/div>\n\t\t<div class=\"elementor-element elementor-element-d75df04 e-con-full e-flex e-con e-child\" data-id=\"d75df04\" data-element_type=\"container\">\n\t\t\t\t<div class=\"elementor-element elementor-element-85eeb3e elementor-widget elementor-widget-image\" data-id=\"85eeb3e\" data-element_type=\"widget\" data-widget_type=\"image.default\">\n\t\t\t\t<div class=\"elementor-widget-container\">\n\t\t\t\t\t\t\t\t\t\t\t\t\t\t\t<img loading=\"lazy\" decoding=\"async\" width=\"800\" height=\"650\" src=\"https:\/\/digitalmenteagencia.com.br\/mondelbr\/wp-content\/uploads\/2026\/01\/Rastreamento-via-satelite.png\" class=\"attachment-large size-large wp-image-1246\" alt=\"\" srcset=\"https:\/\/digitalmenteagencia.com.br\/mondelbr\/wp-content\/uploads\/2026\/01\/Rastreamento-via-satelite.png 800w, https:\/\/digitalmenteagencia.com.br\/mondelbr\/wp-content\/uploads\/2026\/01\/Rastreamento-via-satelite-200x163.png 200w\" sizes=\"(max-width: 800px) 100vw, 800px\" \/>\t\t\t\t\t\t\t\t\t\t\t\t\t\t\t<\/div>\n\t\t\t\t<\/div>\n\t\t\t\t<div class=\"elementor-element elementor-element-f35ec19 elementor-widget elementor-widget-heading\" data-id=\"f35ec19\" data-element_type=\"widget\" data-widget_type=\"heading.default\">\n\t\t\t\t<div class=\"elementor-widget-container\">\n\t\t\t\t\t<h2 class=\"elementor-heading-title elementor-size-default\">Rastreamento via sat\u00e9lite<\/h2>\t\t\t\t<\/div>\n\t\t\t\t<\/div>\n\t\t\t\t<div class=\"elementor-element elementor-element-2b8a62b elementor-widget elementor-widget-text-editor\" data-id=\"2b8a62b\" data-element_type=\"widget\" data-widget_type=\"text-editor.default\">\n\t\t\t\t<div class=\"elementor-widget-container\">\n\t\t\t\t\t\t\t\t\t<p>Toda nossa frota conta com Sistema de rastreamento via sat\u00e9lite, o que nos garante um follow-up em tempo real e a seguran\u00e7a que sua mercadoria se encontra em perfeitas condi\u00e7\u00f5es at\u00e9 o seu trajeto.<\/p>\t\t\t\t\t\t\t\t<\/div>\n\t\t\t\t<\/div>\n\t\t\t\t<\/div>\n\t\t<div class=\"elementor-element elementor-element-f7f0474 e-con-full e-flex e-con e-child\" data-id=\"f7f0474\" data-element_type=\"container\">\n\t\t\t\t<div class=\"elementor-element elementor-element-72d0420 elementor-widget elementor-widget-image\" data-id=\"72d0420\" data-element_type=\"widget\" data-widget_type=\"image.default\">\n\t\t\t\t<div class=\"elementor-widget-container\">\n\t\t\t\t\t\t\t\t\t\t\t\t\t\t\t<img loading=\"lazy\" decoding=\"async\" width=\"800\" height=\"650\" src=\"https:\/\/digitalmenteagencia.com.br\/mondelbr\/wp-content\/uploads\/2026\/01\/desembaraco-aduaneiro.png\" class=\"attachment-large size-large wp-image-1250\" alt=\"\" srcset=\"https:\/\/digitalmenteagencia.com.br\/mondelbr\/wp-content\/uploads\/2026\/01\/desembaraco-aduaneiro.png 800w, https:\/\/digitalmenteagencia.com.br\/mondelbr\/wp-content\/uploads\/2026\/01\/desembaraco-aduaneiro-200x163.png 200w\" sizes=\"(max-width: 800px) 100vw, 800px\" \/>\t\t\t\t\t\t\t\t\t\t\t\t\t\t\t<\/div>\n\t\t\t\t<\/div>\n\t\t\t\t<div class=\"elementor-element elementor-element-7fe9115 elementor-widget elementor-widget-heading\" data-id=\"7fe9115\" data-element_type=\"widget\" data-widget_type=\"heading.default\">\n\t\t\t\t<div class=\"elementor-widget-container\">\n\t\t\t\t\t<h2 class=\"elementor-heading-title elementor-size-default\">Assessoria em desembara\u00e7o aduaneiro<\/h2>\t\t\t\t<\/div>\n\t\t\t\t<\/div>\n\t\t\t\t<div class=\"elementor-element elementor-element-e367cf4 elementor-widget elementor-widget-text-editor\" data-id=\"e367cf4\" data-element_type=\"widget\" data-widget_type=\"text-editor.default\">\n\t\t\t\t<div class=\"elementor-widget-container\">\n\t\t\t\t\t\t\t\t\t<p>Contamos com servi\u00e7o de assessoria aduaneira para opera\u00e7\u00f5es EXW.<\/p>\t\t\t\t\t\t\t\t<\/div>\n\t\t\t\t<\/div>\n\t\t\t\t<\/div>\n\t\t\t\t\t<\/div>\n\t\t\t\t<\/div>\n\t\t<div class=\"aux-parallax-section elementor-element elementor-element-7f4ac0b e-flex e-con-boxed e-con e-parent\" data-id=\"7f4ac0b\" data-element_type=\"container\">\n\t\t\t\t\t<div class=\"e-con-inner\">\n\t\t\t\t<div class=\"elementor-element elementor-element-8de037f elementor-widget elementor-widget-button\" data-id=\"8de037f\" data-element_type=\"widget\" data-widget_type=\"button.default\">\n\t\t\t\t<div class=\"elementor-widget-container\">\n\t\t\t\t\t\t\t\t\t<div class=\"elementor-button-wrapper\">\n\t\t\t\t\t<a class=\"elementor-button elementor-button-link elementor-size-sm elementor-animation-grow\" href=\"https:\/\/wa.me\/5511970561211\">\n\t\t\t\t\t\t<span class=\"elementor-button-content-wrapper\">\n\t\t\t\t\t\t<span class=\"elementor-button-icon\">\n\t\t\t\t<i aria-hidden=\"true\" class=\"fas fa-arrow-alt-circle-right\"><\/i>\t\t\t<\/span>\n\t\t\t\t\t\t\t\t\t<span class=\"elementor-button-text\">FALE COM NOSSOS CONSULTORES E SAIBA MAIS<\/span>\n\t\t\t\t\t<\/span>\n\t\t\t\t\t<\/a>\n\t\t\t\t<\/div>\n\t\t\t\t\t\t\t\t<\/div>\n\t\t\t\t<\/div>\n\t\t\t\t\t<\/div>\n\t\t\t\t<\/div>\n\t\t<div class=\"aux-parallax-section elementor-element elementor-element-db96911 e-flex e-con-boxed e-con e-parent\" data-id=\"db96911\" data-element_type=\"container\" data-settings=\"{&quot;background_background&quot;:&quot;classic&quot;}\">\n\t\t\t\t\t<div class=\"e-con-inner\">\n\t\t<div class=\"elementor-element elementor-element-4281587 e-con-full e-flex e-con e-child\" data-id=\"4281587\" data-element_type=\"container\">\n\t\t<div class=\"elementor-element elementor-element-5fecdb8 e-con-full e-flex e-con e-child\" data-id=\"5fecdb8\" data-element_type=\"container\">\n\t\t\t\t<div class=\"elementor-element elementor-element-2367867 elementor-widget elementor-widget-image\" data-id=\"2367867\" data-element_type=\"widget\" data-widget_type=\"image.default\">\n\t\t\t\t<div class=\"elementor-widget-container\">\n\t\t\t\t\t\t\t\t\t\t\t\t\t\t\t<img loading=\"lazy\" decoding=\"async\" width=\"1200\" height=\"400\" src=\"https:\/\/digitalmenteagencia.com.br\/mondelbr\/wp-content\/uploads\/2025\/12\/mondel_servicos.png\" class=\"attachment-full size-full wp-image-916\" alt=\"\" srcset=\"https:\/\/digitalmenteagencia.com.br\/mondelbr\/wp-content\/uploads\/2025\/12\/mondel_servicos.png 1200w, https:\/\/digitalmenteagencia.com.br\/mondelbr\/wp-content\/uploads\/2025\/12\/mondel_servicos-200x67.png 200w\" sizes=\"(max-width: 1200px) 100vw, 1200px\" \/>\t\t\t\t\t\t\t\t\t\t\t\t\t\t\t<\/div>\n\t\t\t\t<\/div>\n\t\t\t\t<\/div>\n\t\t\t\t<\/div>\n\t\t\t\t\t<\/div>\n\t\t\t\t<\/div>\n\t\t\t\t<\/div>\n\t\t","protected":false},"excerpt":{"rendered":"<p>Cargas sem fronteiras. Log\u00edstica sem limites. Conhe\u00e7a nossos Servi\u00e7os Na Mondel Group, oferecemos solu\u00e7\u00f5es de transporte rodovi\u00e1rio eficientes e seguras para todo o Mercosul. Conectamos Brasil, Argentina, Paraguai, Uruguai e Chile, garantindo que suas mercadorias cheguem no prazo, com rastreamento em tempo real e suporte dedicado em cada etapa da viagem. Confie na experi\u00eancia e [&hellip;]<\/p>\n","protected":false},"author":1,"featured_media":0,"parent":0,"menu_order":0,"comment_status":"closed","ping_status":"closed","template":"elementor_header_footer","meta":{"footnotes":""},"class_list":["post-1081","page","type-page","status-publish","hentry"],"_links":{"self":[{"href":"https:\/\/digitalmenteagencia.com.br\/mondelbr\/wp-json\/wp\/v2\/pages\/1081","targetHints":{"allow":["GET"]}}],"collection":[{"href":"https:\/\/digitalmenteagencia.com.br\/mondelbr\/wp-json\/wp\/v2\/pages"}],"about":[{"href":"https:\/\/digitalmenteagencia.com.br\/mondelbr\/wp-json\/wp\/v2\/types\/page"}],"author":[{"embeddable":true,"href":"https:\/\/digitalmenteagencia.com.br\/mondelbr\/wp-json\/wp\/v2\/users\/1"}],"replies":[{"embeddable":true,"href":"https:\/\/digitalmenteagencia.com.br\/mondelbr\/wp-json\/wp\/v2\/comments?post=1081"}],"version-history":[{"count":88,"href":"https:\/\/digitalmenteagencia.com.br\/mondelbr\/wp-json\/wp\/v2\/pages\/1081\/revisions"}],"predecessor-version":[{"id":1259,"href":"https:\/\/digitalmenteagencia.com.br\/mondelbr\/wp-json\/wp\/v2\/pages\/1081\/revisions\/1259"}],"wp:attachment":[{"href":"https:\/\/digitalmenteagencia.com.br\/mondelbr\/wp-json\/wp\/v2\/media?parent=1081"}],"curies":[{"name":"wp","href":"https:\/\/api.w.org\/{rel}","templated":true}]}}