{"id":686,"date":"2025-08-04T14:04:50","date_gmt":"2025-08-04T14:04:50","guid":{"rendered":"https:\/\/digitalmenteagencia.com.br\/mondelbr\/?page_id=686"},"modified":"2026-03-13T17:24:08","modified_gmt":"2026-03-13T17:24:08","slug":"filosofia","status":"publish","type":"page","link":"https:\/\/digitalmenteagencia.com.br\/mondelbr\/filosofia\/","title":{"rendered":"Filosofia"},"content":{"rendered":"\t\t<div data-elementor-type=\"wp-page\" data-elementor-id=\"686\" class=\"elementor elementor-686\" data-elementor-post-type=\"page\">\n\t\t\t\t<div class=\"aux-parallax-section elementor-element elementor-element-33e7c9f e-con-full e-flex e-con e-parent\" data-id=\"33e7c9f\" data-element_type=\"container\">\n\t\t\t\t<div class=\"elementor-element elementor-element-cad16d6 elementor-widget elementor-widget-heading\" data-id=\"cad16d6\" data-element_type=\"widget\" data-widget_type=\"heading.default\">\n\t\t\t\t<div class=\"elementor-widget-container\">\n\t\t\t\t\t<h2 class=\"elementor-heading-title elementor-size-default\">Valores que movem <b>pessoas<\/b>, <br> princ\u00edpios que movem <b>cargas<\/b>.<br><\/h2>\t\t\t\t<\/div>\n\t\t\t\t<\/div>\n\t\t\t\t<\/div>\n\t\t<div class=\"aux-parallax-section elementor-element elementor-element-a2b29a0 e-flex e-con-boxed e-con e-parent\" data-id=\"a2b29a0\" data-element_type=\"container\" data-settings=\"{&quot;background_background&quot;:&quot;gradient&quot;}\">\n\t\t\t\t\t<div class=\"e-con-inner\">\n\t\t\t\t<div class=\"elementor-element elementor-element-1e76300 elementor-widget elementor-widget-heading\" data-id=\"1e76300\" data-element_type=\"widget\" data-widget_type=\"heading.default\">\n\t\t\t\t<div class=\"elementor-widget-container\">\n\t\t\t\t\t<h2 class=\"elementor-heading-title elementor-size-default\"><b>Filosofia<\/b> Mondel Group<\/h2>\t\t\t\t<\/div>\n\t\t\t\t<\/div>\n\t\t\t\t<div class=\"elementor-element elementor-element-c039dcf elementor-invisible elementor-widget elementor-widget-image\" data-id=\"c039dcf\" data-element_type=\"widget\" data-settings=\"{&quot;_animation&quot;:&quot;zoomIn&quot;}\" data-widget_type=\"image.default\">\n\t\t\t\t<div class=\"elementor-widget-container\">\n\t\t\t\t\t\t\t\t\t\t\t\t\t\t\t<img fetchpriority=\"high\" decoding=\"async\" width=\"650\" height=\"650\" src=\"https:\/\/digitalmenteagencia.com.br\/mondelbr\/wp-content\/uploads\/2025\/12\/Integridade.png\" class=\"attachment-full size-full wp-image-1074\" alt=\"\" srcset=\"https:\/\/digitalmenteagencia.com.br\/mondelbr\/wp-content\/uploads\/2025\/12\/Integridade.png 650w, https:\/\/digitalmenteagencia.com.br\/mondelbr\/wp-content\/uploads\/2025\/12\/Integridade-300x300.png 300w, https:\/\/digitalmenteagencia.com.br\/mondelbr\/wp-content\/uploads\/2025\/12\/Integridade-150x150.png 150w, https:\/\/digitalmenteagencia.com.br\/mondelbr\/wp-content\/uploads\/2025\/12\/Integridade-200x200.png 200w\" sizes=\"(max-width: 650px) 100vw, 650px\" \/>\t\t\t\t\t\t\t\t\t\t\t\t\t\t\t<\/div>\n\t\t\t\t<\/div>\n\t\t\t\t<div class=\"elementor-element elementor-element-0e6b5ba elementor-widget elementor-widget-text-editor\" data-id=\"0e6b5ba\" data-element_type=\"widget\" data-widget_type=\"text-editor.default\">\n\t\t\t\t<div class=\"elementor-widget-container\">\n\t\t\t\t\t\t\t\t\t<p>Na Mondel Group, acreditamos que a log\u00edstica vai muito al\u00e9m do transporte de cargas: \u00e9 a arte de conectar pessoas, neg\u00f3cios e sonhos.<br \/>Nosso prop\u00f3sito \u00e9 mover o mundo com efici\u00eancia, confian\u00e7a e responsabilidade, transformando cada opera\u00e7\u00e3o em uma experi\u00eancia de excel\u00eancia.<\/p><p>Somos uma empresa de transporte rodoviario internacional com presen\u00e7a consolidada em todo o Mercosul, conectando fronteiras e aproximando oportunidades.<br \/>Trabalhamos de forma integrada e estrat\u00e9gica, oferecendo solu\u00e7\u00f5es log\u00edsticas completas, seguras e sustent\u00e1veis, garantindo que cada entrega seja realizada com precis\u00e3o, agilidade e comprometimento.<\/p><p>Nosso maior valor est\u00e1 nas pessoas que fazem parte da Mondel Group: profissionais dedicados, experientes e apaixonados pelo que fazem, que transformam desafios em resultados e metas em conquistas.<br \/>Eles refletem os valores que nos definem: respeito, transpar\u00eancia, \u00e9tica e trabalho em equipe.<\/p><p>Com o olhar voltado para o futuro, buscamos ser refer\u00eancia em transporte internacional no Mercosul, reconhecidos pela qualidade, inova\u00e7\u00e3o e proximidade com nossos clientes e parceiros estrat\u00e9gicos.<br \/>Crescemos com prop\u00f3sito, expandindo nossa presen\u00e7a e tecnologia sem abrir m\u00e3o da ess\u00eancia que nos inspira desde o in\u00edcio:<br \/>fazer da log\u00edstica uma ponte que impulsiona neg\u00f3cios e realiza sonhos.<\/p>\t\t\t\t\t\t\t\t<\/div>\n\t\t\t\t<\/div>\n\t\t\t\t\t<\/div>\n\t\t\t\t<\/div>\n\t\t<div class=\"aux-parallax-section elementor-element elementor-element-000e803 e-flex e-con-boxed e-con e-parent\" data-id=\"000e803\" data-element_type=\"container\">\n\t\t\t\t\t<div class=\"e-con-inner\">\n\t\t\t\t\t<\/div>\n\t\t\t\t<\/div>\n\t\t\t\t<\/div>\n\t\t","protected":false},"excerpt":{"rendered":"<p>Valores que movem pessoas, princ\u00edpios que movem cargas. Filosofia Mondel Group Na Mondel Group, acreditamos que a log\u00edstica vai muito al\u00e9m do transporte de cargas: \u00e9 a arte de conectar pessoas, neg\u00f3cios e sonhos.Nosso prop\u00f3sito \u00e9 mover o mundo com efici\u00eancia, confian\u00e7a e responsabilidade, transformando cada opera\u00e7\u00e3o em uma experi\u00eancia de excel\u00eancia. Somos uma empresa [&hellip;]<\/p>\n","protected":false},"author":1,"featured_media":0,"parent":0,"menu_order":0,"comment_status":"closed","ping_status":"closed","template":"elementor_header_footer","meta":{"footnotes":""},"class_list":["post-686","page","type-page","status-publish","hentry"],"_links":{"self":[{"href":"https:\/\/digitalmenteagencia.com.br\/mondelbr\/wp-json\/wp\/v2\/pages\/686","targetHints":{"allow":["GET"]}}],"collection":[{"href":"https:\/\/digitalmenteagencia.com.br\/mondelbr\/wp-json\/wp\/v2\/pages"}],"about":[{"href":"https:\/\/digitalmenteagencia.com.br\/mondelbr\/wp-json\/wp\/v2\/types\/page"}],"author":[{"embeddable":true,"href":"https:\/\/digitalmenteagencia.com.br\/mondelbr\/wp-json\/wp\/v2\/users\/1"}],"replies":[{"embeddable":true,"href":"https:\/\/digitalmenteagencia.com.br\/mondelbr\/wp-json\/wp\/v2\/comments?post=686"}],"version-history":[{"count":134,"href":"https:\/\/digitalmenteagencia.com.br\/mondelbr\/wp-json\/wp\/v2\/pages\/686\/revisions"}],"predecessor-version":[{"id":1607,"href":"https:\/\/digitalmenteagencia.com.br\/mondelbr\/wp-json\/wp\/v2\/pages\/686\/revisions\/1607"}],"wp:attachment":[{"href":"https:\/\/digitalmenteagencia.com.br\/mondelbr\/wp-json\/wp\/v2\/media?parent=686"}],"curies":[{"name":"wp","href":"https:\/\/api.w.org\/{rel}","templated":true}]}}